{"id":900,"date":"2019-02-26T11:28:52","date_gmt":"2019-02-26T10:28:52","guid":{"rendered":"https:\/\/merulanasuites.com\/privacy-policy\/"},"modified":"2025-01-15T14:38:56","modified_gmt":"2025-01-15T13:38:56","slug":"privacy-policy","status":"publish","type":"page","link":"https:\/\/merulanasuiterome.com\/en\/privacy-policy\/","title":{"rendered":"privacy policy"},"content":{"rendered":"<p>(Read a free translation of this page <a href=\"https:\/\/translate.google.it\/translate?hl=it&amp;sl=it&amp;tl=en&amp;u=https%3A%2F%2Fmerulanasuiterome.com%2Fprivacy-policy%2F\">here<\/a>)<\/p>\n<p><strong>Privacy Policy<\/strong><\/p>\n<p>In questa pagina si descrivono le modalit\u00e0 di gestione del sito www.merulanasuites.com in riferimento al trattamento dei dati personali degli utenti che lo consultano.<\/p>\n<p>Merulana Suites chiede, per poter fornire i propri servizi, al cliente alcune informazioni.<\/p>\n<p>I dati personali che il cliente trasmette navigando su questo sito web (di seguito \u201cSito\u201d) sono trattati con correttezza e trasparenza per fini leciti e tutelando la Sua riservatezza ed i Suoi diritti nel rispetto della normativa comunitaria in materia di protezione dei dati personali (Reg. UE 2016\/679).<\/p>\n<p>Il presente documento non include i trattamenti svolti su altri siti web eventualmente consultabili dall\u2019utente tramite link presenti sul Sito.<\/p>\n<p>I trattamenti verranno effettuati con le seguenti finalit\u00e0 e modalit\u00e0:<\/p>\n<p><strong>1. Titolare del trattamento.<\/strong><\/p>\n<p>Ai sensi della normativa citata, il Titolare del Trattamento Le.Gi. srls &#8211; via Labicana 58, 00186 Roma<\/p>\n<p><strong>2. Oggetto del trattamento.<\/strong><\/p>\n<p>Il Titolare tratter\u00e0 i dati personali trasmessi dal cliente navigando sul Sito (nome, cognome, Email, telefono, numero di carta di credito) unicamente per le finalit\u00e0 indicate nella presente informativa.<\/p>\n<p>All\u2019arrivo del cliente presso la struttura, verranno richiesti anche gli estremi di un documento di riconoscimento per poter rispettare gli obblighi di legge imposti alle strutture ricettizie.<\/p>\n<p>In caso di emissione di fattura verranno richiesti al cliente anche l\u2019indirizzo di residenza ed il codice fiscale cos\u00ec come previsto dal DPR 633\/72.<\/p>\n<p><strong>3. Finalit\u00e0 del trattamento.<\/strong><\/p>\n<p>Le finalit\u00e0 del trattamento perseguite in linea generale dal Titolare possono riassumersi come segue:<\/p>\n<ul>\n<li>per consentire al cliente di prenotare e pagare un soggiorno presso la struttura;<\/li>\n<li>per consentire al cliente di inviare una mail di contatto con delle richieste particolari;<\/li>\n<li>per adempiere agli obblighi imposti alle strutture ricettive dalla legge.<\/li>\n<\/ul>\n<p>&nbsp;<\/p>\n<p><strong>4. Categorie di dati personali in questione.<\/strong><\/p>\n<p>I dati trattati saranno quelli, pi\u00f9 sopra descritti, strettamente necessari alla fornitura del servizio richiesto.<\/p>\n<p><strong>5. Destinatari o eventuali categorie di destinatari dei dati personali.<\/strong><\/p>\n<p>I dati del cliente saranno comunicati ai seguenti soggetti:<\/p>\n<ul>\n<li>Questura di Roma, in adempimento degli obblighi di legge (limitatamente a nome, cognome ed estremi del documento di identit\u00e0);<\/li>\n<li>Sistema di prenotazione on-line: Octorate s.r.l., Largo dei Caduti di El Alamein n. 20, Roma, Italia;<\/li>\n<li>Lo studio commercialistico incaricato di curare gli adempimenti di natura amministrativa, contabile e fiscale.<\/li>\n<\/ul>\n<p>I dati del cliente non saranno diffusi.<\/p>\n<p><strong>6. Trasferimento dati.<\/strong><\/p>\n<p>La gestione e la conservazione dei dati personali avverr\u00e0 su server del Titolare e\/o di societ\u00e0 terze incaricate, ubicati all\u2019interno dell\u2019UE e non verr\u00e0 effettuato alcun trasferimento degli stessi al di fuori del territorio dell\u2019Unione Europea.<\/p>\n<p><strong>7. Periodo di conservazione dei dati.<\/strong><\/p>\n<p>Il Titolare tratterr\u00e0 i dati personali forniti (nome, cognome, Email, telefono, numero di carta di credito, estremi del documento di identit\u00e0) per il tempo necessario per adempiere alle finalit\u00e0 sopra descritte; i dati verranno cancellati, di conseguenza, dopo sette giorni dalla fine del soggiorno onde dare il tempo al Titolare di verificare che l\u2019immobile sia stato restituito in buone condizioni. I soli dati fiscali (nome, cognome, indirizzo di residenza e codice fiscale), in caso di emissione di fattura, saranno conservati per 10 anni cos\u00ec come previsto per legge.<\/p>\n<p><strong>8. Diritti dell\u2019interessato.<\/strong><\/p>\n<p>Nella qualit\u00e0 di interessato, il cliente ha i seguenti diritti:<\/p>\n<p>a) il diritto di chiedere al Titolare del trattamento l\u2019accesso ai dati personali e, se esistenti, la rettifica o la cancellazione degli stessi o la limitazione del trattamento che lo riguardano o di opporsi al loro trattamento, oltre al diritto alla portabilit\u00e0 dei dati;<\/p>\n<p>b) il diritto di proporre reclamo a un\u2019autorit\u00e0 di controllo.<\/p>\n<p>Il cliente potr\u00e0 esercitare i predetti diritti inviando una mail al Titolare del trattamento all\u2019indirizzo di cui al precedente art. 1).<\/p>\n<p>&nbsp;<\/p>\n<p><strong>9. Natura del conferimento dei dati e conseguenze del rifiuto di rispondere.<\/strong><\/p>\n<p>La comunicazione dei dati per le finalit\u00e0 sopra indicate \u00e8 necessaria ed obbligatoria. In loro assenza, infatti, non sar\u00e0 possibile fornire al cliente i servizi descritti all\u2019art. 3).<\/p>\n","protected":false},"excerpt":{"rendered":"<p>(Read a free translation of this page here) Privacy Policy In questa pagina si descrivono le modalit\u00e0 di gestione del sito www.merulanasuites.com in riferimento al trattamento<span class=\"excerpt-hellip\"> [\u2026]<\/span><\/p>\n","protected":false},"author":1,"featured_media":0,"parent":0,"menu_order":0,"comment_status":"closed","ping_status":"closed","template":"","meta":{"footnotes":""},"class_list":["post-900","page","type-page","status-publish","hentry"],"yoast_head":"<!-- This site is optimized with the Yoast SEO plugin v24.5 - https:\/\/yoast.com\/wordpress\/plugins\/seo\/ -->\n<title>privacy policy - Merulana Suites Roma<\/title>\n<meta name=\"robots\" content=\"index, follow, max-snippet:-1, max-image-preview:large, max-video-preview:-1\" \/>\n<link rel=\"canonical\" href=\"https:\/\/merulanasuiterome.com\/en\/privacy-policy\/\" \/>\n<meta property=\"og:locale\" content=\"en_US\" \/>\n<meta property=\"og:type\" content=\"article\" \/>\n<meta property=\"og:title\" content=\"privacy policy - Merulana Suites Roma\" \/>\n<meta property=\"og:description\" content=\"(Read a free translation of this page here) Privacy Policy In questa pagina si descrivono le modalit\u00e0 di gestione del sito www.merulanasuites.com in riferimento al trattamento [\u2026]\" \/>\n<meta property=\"og:url\" content=\"https:\/\/merulanasuiterome.com\/en\/privacy-policy\/\" \/>\n<meta property=\"og:site_name\" content=\"Merulana Suites Roma\" \/>\n<meta property=\"article:modified_time\" content=\"2025-01-15T13:38:56+00:00\" \/>\n<meta name=\"twitter:card\" content=\"summary_large_image\" \/>\n<meta name=\"twitter:label1\" content=\"Est. reading time\" \/>\n\t<meta name=\"twitter:data1\" content=\"3 minutes\" \/>\n<script type=\"application\/ld+json\" class=\"yoast-schema-graph\">{\"@context\":\"https:\/\/schema.org\",\"@graph\":[{\"@type\":\"WebPage\",\"@id\":\"https:\/\/merulanasuiterome.com\/en\/privacy-policy\/\",\"url\":\"https:\/\/merulanasuiterome.com\/en\/privacy-policy\/\",\"name\":\"privacy policy - Merulana Suites Roma\",\"isPartOf\":{\"@id\":\"https:\/\/merulanasuiterome.com\/#website\"},\"datePublished\":\"2019-02-26T10:28:52+00:00\",\"dateModified\":\"2025-01-15T13:38:56+00:00\",\"breadcrumb\":{\"@id\":\"https:\/\/merulanasuiterome.com\/en\/privacy-policy\/#breadcrumb\"},\"inLanguage\":\"en-US\",\"potentialAction\":[{\"@type\":\"ReadAction\",\"target\":[\"https:\/\/merulanasuiterome.com\/en\/privacy-policy\/\"]}]},{\"@type\":\"BreadcrumbList\",\"@id\":\"https:\/\/merulanasuiterome.com\/en\/privacy-policy\/#breadcrumb\",\"itemListElement\":[{\"@type\":\"ListItem\",\"position\":1,\"name\":\"Home\",\"item\":\"https:\/\/merulanasuiterome.com\/en\/\"},{\"@type\":\"ListItem\",\"position\":2,\"name\":\"privacy policy\"}]},{\"@type\":\"WebSite\",\"@id\":\"https:\/\/merulanasuiterome.com\/#website\",\"url\":\"https:\/\/merulanasuiterome.com\/\",\"name\":\"Merulana Suites Roma\",\"description\":\"Apartments in Rome\",\"potentialAction\":[{\"@type\":\"SearchAction\",\"target\":{\"@type\":\"EntryPoint\",\"urlTemplate\":\"https:\/\/merulanasuiterome.com\/?s={search_term_string}\"},\"query-input\":{\"@type\":\"PropertyValueSpecification\",\"valueRequired\":true,\"valueName\":\"search_term_string\"}}],\"inLanguage\":\"en-US\"}]}<\/script>\n<!-- \/ Yoast SEO plugin. -->","yoast_head_json":{"title":"privacy policy - Merulana Suites Roma","robots":{"index":"index","follow":"follow","max-snippet":"max-snippet:-1","max-image-preview":"max-image-preview:large","max-video-preview":"max-video-preview:-1"},"canonical":"https:\/\/merulanasuiterome.com\/en\/privacy-policy\/","og_locale":"en_US","og_type":"article","og_title":"privacy policy - Merulana Suites Roma","og_description":"(Read a free translation of this page here) Privacy Policy In questa pagina si descrivono le modalit\u00e0 di gestione del sito www.merulanasuites.com in riferimento al trattamento [\u2026]","og_url":"https:\/\/merulanasuiterome.com\/en\/privacy-policy\/","og_site_name":"Merulana Suites Roma","article_modified_time":"2025-01-15T13:38:56+00:00","twitter_card":"summary_large_image","twitter_misc":{"Est. reading time":"3 minutes"},"schema":{"@context":"https:\/\/schema.org","@graph":[{"@type":"WebPage","@id":"https:\/\/merulanasuiterome.com\/en\/privacy-policy\/","url":"https:\/\/merulanasuiterome.com\/en\/privacy-policy\/","name":"privacy policy - Merulana Suites Roma","isPartOf":{"@id":"https:\/\/merulanasuiterome.com\/#website"},"datePublished":"2019-02-26T10:28:52+00:00","dateModified":"2025-01-15T13:38:56+00:00","breadcrumb":{"@id":"https:\/\/merulanasuiterome.com\/en\/privacy-policy\/#breadcrumb"},"inLanguage":"en-US","potentialAction":[{"@type":"ReadAction","target":["https:\/\/merulanasuiterome.com\/en\/privacy-policy\/"]}]},{"@type":"BreadcrumbList","@id":"https:\/\/merulanasuiterome.com\/en\/privacy-policy\/#breadcrumb","itemListElement":[{"@type":"ListItem","position":1,"name":"Home","item":"https:\/\/merulanasuiterome.com\/en\/"},{"@type":"ListItem","position":2,"name":"privacy policy"}]},{"@type":"WebSite","@id":"https:\/\/merulanasuiterome.com\/#website","url":"https:\/\/merulanasuiterome.com\/","name":"Merulana Suites Roma","description":"Apartments in Rome","potentialAction":[{"@type":"SearchAction","target":{"@type":"EntryPoint","urlTemplate":"https:\/\/merulanasuiterome.com\/?s={search_term_string}"},"query-input":{"@type":"PropertyValueSpecification","valueRequired":true,"valueName":"search_term_string"}}],"inLanguage":"en-US"}]}},"_links":{"self":[{"href":"https:\/\/merulanasuiterome.com\/en\/wp-json\/wp\/v2\/pages\/900\/"}],"collection":[{"href":"https:\/\/merulanasuiterome.com\/en\/wp-json\/wp\/v2\/pages\/"}],"about":[{"href":"https:\/\/merulanasuiterome.com\/en\/wp-json\/wp\/v2\/types\/page\/"}],"author":[{"embeddable":true,"href":"https:\/\/merulanasuiterome.com\/en\/wp-json\/wp\/v2\/users\/1\/"}],"replies":[{"embeddable":true,"href":"https:\/\/merulanasuiterome.com\/en\/wp-json\/wp\/v2\/comments\/?post=900"}],"version-history":[{"count":1,"href":"https:\/\/merulanasuiterome.com\/en\/wp-json\/wp\/v2\/pages\/900\/revisions\/"}],"predecessor-version":[{"id":1096,"href":"https:\/\/merulanasuiterome.com\/en\/wp-json\/wp\/v2\/pages\/900\/revisions\/1096\/"}],"wp:attachment":[{"href":"https:\/\/merulanasuiterome.com\/en\/wp-json\/wp\/v2\/media\/?parent=900"}],"curies":[{"name":"wp","href":"https:\/\/api.w.org\/{rel}","templated":true}]}}